{"id":62,"date":"2026-03-19T21:22:19","date_gmt":"2026-03-19T21:22:19","guid":{"rendered":"https:\/\/fajrontbrloh.eu\/?page_id=62"},"modified":"2026-03-19T21:22:19","modified_gmt":"2026-03-19T21:22:19","slug":"a-ze-co-tu-hladam","status":"publish","type":"page","link":"https:\/\/fajrontbrloh.eu\/index.php\/a-ze-co-tu-hladam\/","title":{"rendered":"A \u017ee \u010do tu h\u013ead\u00e1m ?"},"content":{"rendered":"<p>Aha !<\/p>\n","protected":false},"excerpt":{"rendered":"<p>Aha !<\/p>\n","protected":false},"author":1,"featured_media":0,"parent":0,"menu_order":0,"comment_status":"closed","ping_status":"closed","template":"","meta":{"footnotes":""},"class_list":["post-62","page","type-page","status-publish","hentry"],"aioseo_notices":[],"_links":{"self":[{"href":"https:\/\/fajrontbrloh.eu\/index.php\/wp-json\/wp\/v2\/pages\/62","targetHints":{"allow":["GET"]}}],"collection":[{"href":"https:\/\/fajrontbrloh.eu\/index.php\/wp-json\/wp\/v2\/pages"}],"about":[{"href":"https:\/\/fajrontbrloh.eu\/index.php\/wp-json\/wp\/v2\/types\/page"}],"author":[{"embeddable":true,"href":"https:\/\/fajrontbrloh.eu\/index.php\/wp-json\/wp\/v2\/users\/1"}],"replies":[{"embeddable":true,"href":"https:\/\/fajrontbrloh.eu\/index.php\/wp-json\/wp\/v2\/comments?post=62"}],"version-history":[{"count":1,"href":"https:\/\/fajrontbrloh.eu\/index.php\/wp-json\/wp\/v2\/pages\/62\/revisions"}],"predecessor-version":[{"id":63,"href":"https:\/\/fajrontbrloh.eu\/index.php\/wp-json\/wp\/v2\/pages\/62\/revisions\/63"}],"wp:attachment":[{"href":"https:\/\/fajrontbrloh.eu\/index.php\/wp-json\/wp\/v2\/media?parent=62"}],"curies":[{"name":"wp","href":"https:\/\/api.w.org\/{rel}","templated":true}]}}